{"id":521,"date":"2016-01-07T15:46:30","date_gmt":"2016-01-07T15:46:30","guid":{"rendered":"http:\/\/maanjataivaanvali.com\/?page_id=1"},"modified":"2016-01-07T15:46:30","modified_gmt":"2016-01-07T15:46:30","slug":"about","status":"publish","type":"page","link":"https:\/\/maanjataivaanvali.com\/?page_id=521","title":{"rendered":"Min\u00e4"},"content":{"rendered":"<p>Olen Vesa Nieminen, nelikymppinen retkeilij\u00e4 Tuusulasta. Olen aina tyk\u00e4nnyt olla luonnossa, mutta varsinainen retkeily- ja vaellusharrastus sai alkunsa Karhunkierrokselta kymmenisen vuotta sitten. Luonnosta on tullut paikka, jossa voin olla vahva ja heikko yht\u00e4aikaa. Paikka, jossa rauhoittua. Paikka, jossa olla oma itsens\u00e4. Vuosien kuluessa harrastus on n\u00e4ytellyt koko ajan suurempaa roolia. Ja nyt ollaan siin\u00e4 tilanteessa, ett\u00e4 se ottaa p\u00e4\u00e4roolin el\u00e4m\u00e4ss\u00e4ni.<\/p>\n<p>Blogina Maan ja taivaan v\u00e4li on el\u00e4m\u00e4nmatkakertomus siit\u00e4, miten min\u00e4, tuikitavallinen, maanl\u00e4heinen toimistoty\u00f6ntekij\u00e4 p\u00e4\u00e4tin kuunnella sis\u00e4ist\u00e4 \u00e4\u00e4nt\u00e4\u00e4ni ja hyp\u00e4t\u00e4 tuntemattomaan &#8211; tavoittelemaan taivaita vuoden mittaisella vaelluksella Lappiin. P\u00f6yt\u00e4\u00e4n on katettu el\u00e4m\u00e4nmakuisia matkakertomuksia, raikkaita suunnitelmia ja tuoreita ajatuksia. Kunnon er\u00e4pyttipannu, jossa on kaikkea maan ja taivaan v\u00e4lilt\u00e4. Painapa puuta ja tule mukaan tarinoimaan.<\/p>\n","protected":false},"excerpt":{"rendered":"<p>Olen Vesa Nieminen, nelikymppinen retkeilij\u00e4 Tuusulasta. Olen aina tyk\u00e4nnyt olla luonnossa, mutta varsinainen retkeily- ja vaellusharrastus sai alkunsa Karhunkierrokselta kymmenisen vuotta sitten. Luonnosta on tullut paikka, jossa voin olla vahva ja heikko yht\u00e4aikaa. Paikka, jossa rauhoittua. Paikka, jossa olla oma itsens\u00e4. Vuosien kuluessa harrastus on n\u00e4ytellyt koko ajan suurempaa roolia. Ja nyt ollaan siin\u00e4 tilanteessa, [&hellip;]<\/p>\n","protected":false},"author":1,"featured_media":0,"parent":0,"menu_order":0,"comment_status":"open","ping_status":"open","template":"","meta":{"ocean_post_layout":"","ocean_both_sidebars_style":"","ocean_both_sidebars_content_width":0,"ocean_both_sidebars_sidebars_width":0,"ocean_sidebar":"","ocean_second_sidebar":"","ocean_disable_margins":"enable","ocean_add_body_class":"","ocean_shortcode_before_top_bar":"","ocean_shortcode_after_top_bar":"","ocean_shortcode_before_header":"","ocean_shortcode_after_header":"","ocean_has_shortcode":"","ocean_shortcode_after_title":"","ocean_shortcode_before_footer_widgets":"","ocean_shortcode_after_footer_widgets":"","ocean_shortcode_before_footer_bottom":"","ocean_shortcode_after_footer_bottom":"","ocean_display_top_bar":"default","ocean_display_header":"default","ocean_header_style":"","ocean_center_header_left_menu":"","ocean_custom_header_template":"","ocean_custom_logo":0,"ocean_custom_retina_logo":0,"ocean_custom_logo_max_width":0,"ocean_custom_logo_tablet_max_width":0,"ocean_custom_logo_mobile_max_width":0,"ocean_custom_logo_max_height":0,"ocean_custom_logo_tablet_max_height":0,"ocean_custom_logo_mobile_max_height":0,"ocean_header_custom_menu":"","ocean_menu_typo_font_family":"","ocean_menu_typo_font_subset":"","ocean_menu_typo_font_size":0,"ocean_menu_typo_font_size_tablet":0,"ocean_menu_typo_font_size_mobile":0,"ocean_menu_typo_font_size_unit":"px","ocean_menu_typo_font_weight":"","ocean_menu_typo_font_weight_tablet":"","ocean_menu_typo_font_weight_mobile":"","ocean_menu_typo_transform":"","ocean_menu_typo_transform_tablet":"","ocean_menu_typo_transform_mobile":"","ocean_menu_typo_line_height":0,"ocean_menu_typo_line_height_tablet":0,"ocean_menu_typo_line_height_mobile":0,"ocean_menu_typo_line_height_unit":"","ocean_menu_typo_spacing":0,"ocean_menu_typo_spacing_tablet":0,"ocean_menu_typo_spacing_mobile":0,"ocean_menu_typo_spacing_unit":"","ocean_menu_link_color":"","ocean_menu_link_color_hover":"","ocean_menu_link_color_active":"","ocean_menu_link_background":"","ocean_menu_link_hover_background":"","ocean_menu_link_active_background":"","ocean_menu_social_links_bg":"","ocean_menu_social_hover_links_bg":"","ocean_menu_social_links_color":"","ocean_menu_social_hover_links_color":"","ocean_disable_title":"default","ocean_disable_heading":"default","ocean_post_title":"","ocean_post_subheading":"","ocean_post_title_style":"","ocean_post_title_background_color":"","ocean_post_title_background":0,"ocean_post_title_bg_image_position":"","ocean_post_title_bg_image_attachment":"","ocean_post_title_bg_image_repeat":"","ocean_post_title_bg_image_size":"","ocean_post_title_height":0,"ocean_post_title_bg_overlay":0.5,"ocean_post_title_bg_overlay_color":"","ocean_disable_breadcrumbs":"default","ocean_breadcrumbs_color":"","ocean_breadcrumbs_separator_color":"","ocean_breadcrumbs_links_color":"","ocean_breadcrumbs_links_hover_color":"","ocean_display_footer_widgets":"default","ocean_display_footer_bottom":"default","ocean_custom_footer_template":"","jetpack_post_was_ever_published":false,"footnotes":""},"class_list":["post-521","page","type-page","status-publish","hentry","entry"],"yoast_head":"<!-- This site is optimized with the Yoast SEO plugin v27.3 - https:\/\/yoast.com\/product\/yoast-seo-wordpress\/ -->\n<title>Min\u00e4 -<\/title>\n<meta name=\"robots\" content=\"index, follow, max-snippet:-1, max-image-preview:large, max-video-preview:-1\" \/>\n<link rel=\"canonical\" href=\"https:\/\/maanjataivaanvali.com\/?page_id=521\" \/>\n<meta property=\"og:locale\" content=\"fi_FI\" \/>\n<meta property=\"og:type\" content=\"article\" \/>\n<meta property=\"og:title\" content=\"Min\u00e4 -\" \/>\n<meta property=\"og:description\" content=\"Olen Vesa Nieminen, nelikymppinen retkeilij\u00e4 Tuusulasta. Olen aina tyk\u00e4nnyt olla luonnossa, mutta varsinainen retkeily- ja vaellusharrastus sai alkunsa Karhunkierrokselta kymmenisen vuotta sitten. Luonnosta on tullut paikka, jossa voin olla vahva ja heikko yht\u00e4aikaa. Paikka, jossa rauhoittua. Paikka, jossa olla oma itsens\u00e4. Vuosien kuluessa harrastus on n\u00e4ytellyt koko ajan suurempaa roolia. Ja nyt ollaan siin\u00e4 tilanteessa, [&hellip;]\" \/>\n<meta property=\"og:url\" content=\"https:\/\/maanjataivaanvali.com\/?page_id=521\" \/>\n<meta name=\"twitter:card\" content=\"summary_large_image\" \/>\n<meta name=\"twitter:label1\" content=\"Arvioitu lukuaika\" \/>\n\t<meta name=\"twitter:data1\" content=\"1 minuutti\" \/>\n<script type=\"application\/ld+json\" class=\"yoast-schema-graph\">{\"@context\":\"https:\\\/\\\/schema.org\",\"@graph\":[{\"@type\":\"WebPage\",\"@id\":\"https:\\\/\\\/maanjataivaanvali.com\\\/?page_id=521\",\"url\":\"https:\\\/\\\/maanjataivaanvali.com\\\/?page_id=521\",\"name\":\"Min\u00e4 -\",\"isPartOf\":{\"@id\":\"https:\\\/\\\/maanjataivaanvali.com\\\/#website\"},\"datePublished\":\"2016-01-07T15:46:30+00:00\",\"breadcrumb\":{\"@id\":\"https:\\\/\\\/maanjataivaanvali.com\\\/?page_id=521#breadcrumb\"},\"inLanguage\":\"fi\",\"potentialAction\":[{\"@type\":\"ReadAction\",\"target\":[\"https:\\\/\\\/maanjataivaanvali.com\\\/?page_id=521\"]}]},{\"@type\":\"BreadcrumbList\",\"@id\":\"https:\\\/\\\/maanjataivaanvali.com\\\/?page_id=521#breadcrumb\",\"itemListElement\":[{\"@type\":\"ListItem\",\"position\":1,\"name\":\"Etusivu\",\"item\":\"https:\\\/\\\/maanjataivaanvali.com\\\/\"},{\"@type\":\"ListItem\",\"position\":2,\"name\":\"Min\u00e4\"}]},{\"@type\":\"WebSite\",\"@id\":\"https:\\\/\\\/maanjataivaanvali.com\\\/#website\",\"url\":\"https:\\\/\\\/maanjataivaanvali.com\\\/\",\"name\":\"\",\"description\":\"\",\"potentialAction\":[{\"@type\":\"SearchAction\",\"target\":{\"@type\":\"EntryPoint\",\"urlTemplate\":\"https:\\\/\\\/maanjataivaanvali.com\\\/?s={search_term_string}\"},\"query-input\":{\"@type\":\"PropertyValueSpecification\",\"valueRequired\":true,\"valueName\":\"search_term_string\"}}],\"inLanguage\":\"fi\"}]}<\/script>\n<!-- \/ Yoast SEO plugin. -->","yoast_head_json":{"title":"Min\u00e4 -","robots":{"index":"index","follow":"follow","max-snippet":"max-snippet:-1","max-image-preview":"max-image-preview:large","max-video-preview":"max-video-preview:-1"},"canonical":"https:\/\/maanjataivaanvali.com\/?page_id=521","og_locale":"fi_FI","og_type":"article","og_title":"Min\u00e4 -","og_description":"Olen Vesa Nieminen, nelikymppinen retkeilij\u00e4 Tuusulasta. Olen aina tyk\u00e4nnyt olla luonnossa, mutta varsinainen retkeily- ja vaellusharrastus sai alkunsa Karhunkierrokselta kymmenisen vuotta sitten. Luonnosta on tullut paikka, jossa voin olla vahva ja heikko yht\u00e4aikaa. Paikka, jossa rauhoittua. Paikka, jossa olla oma itsens\u00e4. Vuosien kuluessa harrastus on n\u00e4ytellyt koko ajan suurempaa roolia. Ja nyt ollaan siin\u00e4 tilanteessa, [&hellip;]","og_url":"https:\/\/maanjataivaanvali.com\/?page_id=521","twitter_card":"summary_large_image","twitter_misc":{"Arvioitu lukuaika":"1 minuutti"},"schema":{"@context":"https:\/\/schema.org","@graph":[{"@type":"WebPage","@id":"https:\/\/maanjataivaanvali.com\/?page_id=521","url":"https:\/\/maanjataivaanvali.com\/?page_id=521","name":"Min\u00e4 -","isPartOf":{"@id":"https:\/\/maanjataivaanvali.com\/#website"},"datePublished":"2016-01-07T15:46:30+00:00","breadcrumb":{"@id":"https:\/\/maanjataivaanvali.com\/?page_id=521#breadcrumb"},"inLanguage":"fi","potentialAction":[{"@type":"ReadAction","target":["https:\/\/maanjataivaanvali.com\/?page_id=521"]}]},{"@type":"BreadcrumbList","@id":"https:\/\/maanjataivaanvali.com\/?page_id=521#breadcrumb","itemListElement":[{"@type":"ListItem","position":1,"name":"Etusivu","item":"https:\/\/maanjataivaanvali.com\/"},{"@type":"ListItem","position":2,"name":"Min\u00e4"}]},{"@type":"WebSite","@id":"https:\/\/maanjataivaanvali.com\/#website","url":"https:\/\/maanjataivaanvali.com\/","name":"","description":"","potentialAction":[{"@type":"SearchAction","target":{"@type":"EntryPoint","urlTemplate":"https:\/\/maanjataivaanvali.com\/?s={search_term_string}"},"query-input":{"@type":"PropertyValueSpecification","valueRequired":true,"valueName":"search_term_string"}}],"inLanguage":"fi"}]}},"jetpack_sharing_enabled":true,"jetpack_likes_enabled":true,"_links":{"self":[{"href":"https:\/\/maanjataivaanvali.com\/index.php?rest_route=\/wp\/v2\/pages\/521","targetHints":{"allow":["GET"]}}],"collection":[{"href":"https:\/\/maanjataivaanvali.com\/index.php?rest_route=\/wp\/v2\/pages"}],"about":[{"href":"https:\/\/maanjataivaanvali.com\/index.php?rest_route=\/wp\/v2\/types\/page"}],"author":[{"embeddable":true,"href":"https:\/\/maanjataivaanvali.com\/index.php?rest_route=\/wp\/v2\/users\/1"}],"replies":[{"embeddable":true,"href":"https:\/\/maanjataivaanvali.com\/index.php?rest_route=%2Fwp%2Fv2%2Fcomments&post=521"}],"version-history":[{"count":0,"href":"https:\/\/maanjataivaanvali.com\/index.php?rest_route=\/wp\/v2\/pages\/521\/revisions"}],"wp:attachment":[{"href":"https:\/\/maanjataivaanvali.com\/index.php?rest_route=%2Fwp%2Fv2%2Fmedia&parent=521"}],"curies":[{"name":"wp","href":"https:\/\/api.w.org\/{rel}","templated":true}]}}